{"id":24081,"date":"2024-05-16T15:41:35","date_gmt":"2024-05-16T13:41:35","guid":{"rendered":"https:\/\/biorelax.de\/produkt\/soporte-dorsal-para-campos-pequenos-biorelax-sin-almohadilla-kleinsche-fields\/"},"modified":"2026-03-05T23:00:20","modified_gmt":"2026-03-05T22:00:20","slug":"soporte-dorsal-para-campos-pequenos-biorelax-sin-almohadilla-kleinsche-fields","status":"publish","type":"product","link":"https:\/\/ght-med.com\/es\/produkt\/soporte-dorsal-para-campos-pequenos-biorelax-sin-almohadilla-kleinsche-fields\/","title":{"rendered":"Soporte dorsal (sin Pad Campos Klein&#8217;sche)"},"content":{"rendered":"<style>.kb-row-layout-id24081_b68b78-d4 > .kt-row-column-wrap{align-content:start;}:where(.kb-row-layout-id24081_b68b78-d4 > .kt-row-column-wrap) > .wp-block-kadence-column{justify-content:start;}.kb-row-layout-id24081_b68b78-d4 > .kt-row-column-wrap{column-gap:var(--global-kb-gap-md, 2rem);row-gap:var(--global-kb-gap-md, 2rem);padding-bottom:var(--global-kb-spacing-sm, 1.5rem);grid-template-columns:minmax(0, 1fr);}.kb-row-layout-id24081_b68b78-d4 > .kt-row-layout-overlay{opacity:0.30;}@media all and (max-width: 1024px){.kb-row-layout-id24081_b68b78-d4 > .kt-row-column-wrap{grid-template-columns:minmax(0, 1fr);}}@media all and (max-width: 767px){.kb-row-layout-id24081_b68b78-d4 > .kt-row-column-wrap{grid-template-columns:minmax(0, 1fr);}}<\/style><div class=\"kb-row-layout-wrap kb-row-layout-id24081_b68b78-d4 alignnone wp-block-kadence-rowlayout\"><div class=\"kt-row-column-wrap kt-has-1-columns kt-row-layout-equal kt-tab-layout-inherit kt-mobile-layout-row kt-row-valign-top\">\n<style>.kadence-column24081_6ef412-88 > .kt-inside-inner-col,.kadence-column24081_6ef412-88 > .kt-inside-inner-col:before{border-top-left-radius:0px;border-top-right-radius:0px;border-bottom-right-radius:0px;border-bottom-left-radius:0px;}.kadence-column24081_6ef412-88 > .kt-inside-inner-col{column-gap:var(--global-kb-gap-sm, 1rem);}.kadence-column24081_6ef412-88 > .kt-inside-inner-col{flex-direction:column;}.kadence-column24081_6ef412-88 > .kt-inside-inner-col > .aligncenter{width:100%;}.kadence-column24081_6ef412-88 > .kt-inside-inner-col:before{opacity:0.3;}.kadence-column24081_6ef412-88{position:relative;}@media all and (max-width: 1024px){.kadence-column24081_6ef412-88 > .kt-inside-inner-col{flex-direction:column;justify-content:center;}}@media all and (max-width: 767px){.kadence-column24081_6ef412-88 > .kt-inside-inner-col{flex-direction:column;justify-content:center;}}<\/style>\n<div class=\"wp-block-kadence-column kadence-column24081_6ef412-88\"><div class=\"kt-inside-inner-col\"><style>.wp-block-kadence-advancedheading.kt-adv-heading24081_0a8d92-e4, .wp-block-kadence-advancedheading.kt-adv-heading24081_0a8d92-e4[data-kb-block=\"kb-adv-heading24081_0a8d92-e4\"]{font-style:normal;}.wp-block-kadence-advancedheading.kt-adv-heading24081_0a8d92-e4 mark.kt-highlight, .wp-block-kadence-advancedheading.kt-adv-heading24081_0a8d92-e4[data-kb-block=\"kb-adv-heading24081_0a8d92-e4\"] mark.kt-highlight{font-style:normal;color:#f76a0c;-webkit-box-decoration-break:clone;box-decoration-break:clone;padding-top:0px;padding-right:0px;padding-bottom:0px;padding-left:0px;}<\/style>\n<h2 class=\"kt-adv-heading24081_0a8d92-e4 wp-block-kadence-advancedheading\" data-kb-block=\"kb-adv-heading24081_0a8d92-e4\">Soporte para la espalda BIORELAX Campos Klein&#8217;sche &#8211; apl\u00edcalo donde se localice el dolor<\/h2>\n\n\n\n<p>Gracias al soporte dorsal de Campos Klein&#8217;sche BIORELAX, puedes utilizar campos peque\u00f1os espec\u00edficamente en la zona de la espalda. Son ideales para favorecer la circulaci\u00f3n sangu\u00ednea en esta zona. Como Campos Klein&#8217;sche funcionan sin electricidad, puedes llevar el soporte para la espalda donde quieras. No hay l\u00edmite para el tiempo que puedes llevarlo: desde sesiones cortas hasta varias horas, seg\u00fan tus necesidades. El soporte dorsal BIORELAX Campos Klein&#8217;sche est\u00e1 fabricado con tejido de punto simple y neopreno para un ajuste perfecto. Seg\u00fan tus preferencias personales, puedes llevarlo directamente sobre la piel o encima de la ropa. La funda del soporte dorsal puede lavarse a 30\u00b0 en un programa de lavado delicado.<\/p>\n\n\n<style>.wp-block-kadence-advancedheading.kt-adv-heading24081_345df6-98, .wp-block-kadence-advancedheading.kt-adv-heading24081_345df6-98[data-kb-block=\"kb-adv-heading24081_345df6-98\"]{font-style:normal;}.wp-block-kadence-advancedheading.kt-adv-heading24081_345df6-98 mark.kt-highlight, .wp-block-kadence-advancedheading.kt-adv-heading24081_345df6-98[data-kb-block=\"kb-adv-heading24081_345df6-98\"] mark.kt-highlight{font-style:normal;color:#f76a0c;-webkit-box-decoration-break:clone;box-decoration-break:clone;padding-top:0px;padding-right:0px;padding-bottom:0px;padding-left:0px;}<\/style>\n<h2 class=\"kt-adv-heading24081_345df6-98 wp-block-kadence-advancedheading\" data-kb-block=\"kb-adv-heading24081_345df6-98\">El modo de acci\u00f3n de Campos Klein&#8217;sche<\/h2>\n\n\n\n<p>Campos Klein&#8217;sche son campos magn\u00e9ticos permanentes polim\u00f3rficos (multiformes). Lo especial de ellos es su disposici\u00f3n: los polos cambian de longitud al cabo de unos mil\u00edmetros en todas las direcciones de norte a sur. Si se aplican campos Klein a un cuerpo o se utilizan como soporte, se genera una energ\u00eda mensurable en la sangre, ya que \u00e9sta se desplaza como un fluido conductor de corriente a trav\u00e9s de los polos norte y sur. Algunos pacientes experimentan una sensaci\u00f3n de calor o un ligero hormigueo en el cuerpo durante la aplicaci\u00f3n.<\/p>\n\n\n<style>.wp-block-kadence-advancedheading.kt-adv-heading24081_ccc402-63, .wp-block-kadence-advancedheading.kt-adv-heading24081_ccc402-63[data-kb-block=\"kb-adv-heading24081_ccc402-63\"]{font-style:normal;}.wp-block-kadence-advancedheading.kt-adv-heading24081_ccc402-63 mark.kt-highlight, .wp-block-kadence-advancedheading.kt-adv-heading24081_ccc402-63[data-kb-block=\"kb-adv-heading24081_ccc402-63\"] mark.kt-highlight{font-style:normal;color:#f76a0c;-webkit-box-decoration-break:clone;box-decoration-break:clone;padding-top:0px;padding-right:0px;padding-bottom:0px;padding-left:0px;}<\/style>\n<h2 class=\"kt-adv-heading24081_ccc402-63 wp-block-kadence-advancedheading\" data-kb-block=\"kb-adv-heading24081_ccc402-63\">Respaldo BIORELAX Campos Klein&#8217;sche &#8211; ventajas que hablan por s\u00ed solas<\/h2>\n\n\n\n<ul class=\"wp-block-list\">\n<li>Producto de calidad de un fabricante alem\u00e1n de productos sanitarios<\/li>\n\n\n\n<li>F\u00e1cil de transportar y de uso flexible, incluso cuando viajas<\/li>\n\n\n\n<li>No necesita fuente de alimentaci\u00f3n<\/li>\n\n\n\n<li>Puede combinarse con otros productos BIORELAX Campos Klein&#8217;sche<\/li>\n\n\n\n<li>Adecuado para el uso diario<\/li>\n\n\n\n<li>Vida \u00fatil m\u00e1s larga: Campos Klein&#8217;sche no se desgastan<\/li>\n\n\n\n<li>Aplicable sin restricciones<\/li>\n<\/ul>\n\n\n<style>.wp-block-kadence-advancedheading.kt-adv-heading24081_cb09ca-e8, .wp-block-kadence-advancedheading.kt-adv-heading24081_cb09ca-e8[data-kb-block=\"kb-adv-heading24081_cb09ca-e8\"]{font-style:normal;}.wp-block-kadence-advancedheading.kt-adv-heading24081_cb09ca-e8 mark.kt-highlight, .wp-block-kadence-advancedheading.kt-adv-heading24081_cb09ca-e8[data-kb-block=\"kb-adv-heading24081_cb09ca-e8\"] mark.kt-highlight{font-style:normal;color:#f76a0c;-webkit-box-decoration-break:clone;box-decoration-break:clone;padding-top:0px;padding-right:0px;padding-bottom:0px;padding-left:0px;}<\/style>\n<h2 class=\"kt-adv-heading24081_cb09ca-e8 wp-block-kadence-advancedheading\" data-kb-block=\"kb-adv-heading24081_cb09ca-e8\">Se puede utilizar sin restricciones<\/h2>\n\n\n\n<p>El uso de Campos Klein&#8217;sche BIORELAX es absolutamente seguro, incluso para personas con marcapasos, implantes met\u00e1licos, desfibriladores o bombas de insulina. Los imanes funcionan sin electricidad. El modo de acci\u00f3n se ha investigado cient\u00edficamente durante d\u00e9cadas y se sigue investigando constantemente. Bas\u00e1ndonos en nuestra experiencia de d\u00e9cadas, podemos afirmar que hasta ahora no se han producido da\u00f1os ni fallos de funcionamiento en aparatos y objetos por el uso de los productos de Campos Klein&#8217;sche BIORELAX.<\/p>\n\n\n<style>.kb-row-layout-wrap.wp-block-kadence-rowlayout.kb-row-layout-id2782_f38ea5-14{margin-top:var(--global-kb-spacing-md, 2rem);margin-bottom:var(--global-kb-spacing-md, 2rem);}.kb-row-layout-id2782_f38ea5-14 > .kt-row-column-wrap{align-content:start;}:where(.kb-row-layout-id2782_f38ea5-14 > .kt-row-column-wrap) > .wp-block-kadence-column{justify-content:start;}.kb-row-layout-id2782_f38ea5-14 > .kt-row-column-wrap{column-gap:var(--global-kb-gap-md, 2rem);row-gap:var(--global-kb-gap-md, 2rem);padding-top:var(--global-kb-spacing-md, 2rem);padding-right:var(--global-kb-spacing-md, 2rem);padding-bottom:var(--global-kb-spacing-md, 2rem);padding-left:var(--global-kb-spacing-md, 2rem);grid-template-columns:minmax(0, 1fr);}.kb-row-layout-id2782_f38ea5-14{border-top-left-radius:20px;border-top-right-radius:20px;border-bottom-right-radius:20px;border-bottom-left-radius:20px;overflow:clip;isolation:isolate;}.kb-row-layout-id2782_f38ea5-14 > .kt-row-layout-overlay{border-top-left-radius:20px;border-top-right-radius:20px;border-bottom-right-radius:20px;border-bottom-left-radius:20px;}.kb-row-layout-id2782_f38ea5-14{border-top:0px solid var(--global-palette4, #2D3748);border-right:0px solid var(--global-palette4, #2D3748);border-bottom:0px solid var(--global-palette4, #2D3748);border-left:0px solid var(--global-palette4, #2D3748);}.kb-row-layout-id2782_f38ea5-14 > .kt-row-layout-overlay{opacity:0.30;}@media all and (max-width: 1024px){.kb-row-layout-id2782_f38ea5-14 > .kt-row-column-wrap{grid-template-columns:minmax(0, 1fr);}}@media all and (max-width: 1024px){.kb-row-layout-id2782_f38ea5-14{border-top:0px solid var(--global-palette4, #2D3748);border-right:0px solid var(--global-palette4, #2D3748);border-bottom:0px solid var(--global-palette4, #2D3748);border-left:0px solid var(--global-palette4, #2D3748);}}@media all and (max-width: 767px){.kb-row-layout-id2782_f38ea5-14 > .kt-row-column-wrap{grid-template-columns:minmax(0, 1fr);}.kb-row-layout-id2782_f38ea5-14{border-top:0px solid var(--global-palette4, #2D3748);border-right:0px solid var(--global-palette4, #2D3748);border-bottom:0px solid var(--global-palette4, #2D3748);border-left:0px solid var(--global-palette4, #2D3748);}}<\/style><div class=\"kb-row-layout-wrap kb-row-layout-id2782_f38ea5-14 alignnone has-theme-palette1-background-color kt-row-has-bg wp-block-kadence-rowlayout\"><div class=\"kt-row-column-wrap kt-has-1-columns kt-row-layout-equal kt-tab-layout-inherit kt-mobile-layout-row kt-row-valign-top\">\n<style>.kadence-column2782_dec8b7-fc > .kt-inside-inner-col{display:flex;}.kadence-column2782_dec8b7-fc > .kt-inside-inner-col,.kadence-column2782_dec8b7-fc > .kt-inside-inner-col:before{border-top-left-radius:0px;border-top-right-radius:0px;border-bottom-right-radius:0px;border-bottom-left-radius:0px;}.kadence-column2782_dec8b7-fc > .kt-inside-inner-col{column-gap:var(--global-kb-gap-sm, 1rem);}.kadence-column2782_dec8b7-fc > .kt-inside-inner-col{flex-direction:column;align-items:center;}.kadence-column2782_dec8b7-fc > .kt-inside-inner-col > .kb-image-is-ratio-size{align-self:stretch;}.kadence-column2782_dec8b7-fc > .kt-inside-inner-col > .wp-block-kadence-advancedgallery{align-self:stretch;}.kadence-column2782_dec8b7-fc > .kt-inside-inner-col > .aligncenter{width:100%;}.kadence-column2782_dec8b7-fc > .kt-inside-inner-col:before{opacity:0.3;}.kadence-column2782_dec8b7-fc{position:relative;}@media all and (max-width: 1024px){.kadence-column2782_dec8b7-fc > .kt-inside-inner-col{flex-direction:column;justify-content:center;align-items:center;}}@media all and (max-width: 767px){.kadence-column2782_dec8b7-fc > .kt-inside-inner-col{flex-direction:column;justify-content:center;align-items:center;}}<\/style>\n<div class=\"wp-block-kadence-column kadence-column2782_dec8b7-fc\"><div class=\"kt-inside-inner-col\"><style>.wp-block-kadence-advancedheading.kt-adv-heading2782_cd2752-b6, .wp-block-kadence-advancedheading.kt-adv-heading2782_cd2752-b6[data-kb-block=\"kb-adv-heading2782_cd2752-b6\"]{font-style:normal;}.wp-block-kadence-advancedheading.kt-adv-heading2782_cd2752-b6 mark.kt-highlight, .wp-block-kadence-advancedheading.kt-adv-heading2782_cd2752-b6[data-kb-block=\"kb-adv-heading2782_cd2752-b6\"] mark.kt-highlight{font-style:normal;color:#f76a0c;-webkit-box-decoration-break:clone;box-decoration-break:clone;padding-top:0px;padding-right:0px;padding-bottom:0px;padding-left:0px;}<\/style>\n<h2 class=\"kt-adv-heading2782_cd2752-b6 wp-block-kadence-advancedheading has-theme-palette-9-color has-text-color\" data-kb-block=\"kb-adv-heading2782_cd2752-b6\">  \u00bfTienes alguna pregunta?\n\u00a1Tenemos las respuestas!   <\/h2>\n\n\n\n<p class=\"has-text-align-center has-theme-palette-8-color has-text-color has-link-color wp-elements-f97198276a92d5c71fc87b0c60a3501e\">Si tienes alguna pregunta que vaya m\u00e1s all\u00e1 de las respondidas aqu\u00ed, no dudes en ponerte en contacto con nosotros. <br\/>Puedes localizarnos en el <a href=\"tel:04212241040\">0421-224 104-0<\/a> o por <a href=\"mailto:info@biorelax.eu\">correo electr\u00f3nico<\/a>.<\/p>\n<\/div><\/div>\n\n<\/div><\/div><\/div><\/div>\n\n<\/div><\/div>","protected":false},"excerpt":{"rendered":"<p><strong>Respaldo Campos Klein&#8217;sche &#8211; perfectamente colocado<\/strong><\/p>\n<ul>\n<li>Disponible en tres longitudes: 124, 144 y 164 cent\u00edmetros<\/li>\n<li>Soporte dorsal de Campos Klein&#8217;sche para utilizar en la zona dorsal<\/li>\n<li>Puede llevarse directamente sobre la piel o sobre la ropa<\/li>\n<li>Se puede utilizar en casa y en movimiento<\/li>\n<li>Sin electrodos y, por tanto, sin efectos secundarios nocivos ni electrosmog<\/li>\n<li>Lavable a 30\u00b0 en el programa de lavado delicado<\/li>\n<li>Adecuado para adultos y ni\u00f1os<\/li>\n<\/ul>\n","protected":false},"featured_media":30566,"template":"","meta":{"_kad_blocks_custom_css":"","_kad_blocks_head_custom_js":"","_kad_blocks_body_custom_js":"","_kad_blocks_footer_custom_js":"","_kad_post_transparent":"","_kad_post_title":"","_kad_post_layout":"","_kad_post_sidebar_id":"","_kad_post_content_style":"","_kad_post_vertical_padding":"","_kad_post_feature":"","_kad_post_feature_position":"","_kad_post_header":false,"_kad_post_footer":false},"product_brand":[],"product_cat":[141],"product_tag":[],"class_list":{"0":"post-24081","1":"product","2":"type-product","3":"status-publish","4":"has-post-thumbnail","6":"product_cat-accesorios","8":"first","9":"instock","10":"taxable","11":"shipping-taxable","12":"purchasable","13":"product-type-variable","14":"entry","15":"content-bg","16":"loop-entry"},"taxonomy_info":{"product_cat":[{"value":141,"label":"Accesorios"}]},"featured_image_src_large":["https:\/\/ght-med.com\/wp-content\/uploads\/2025\/07\/BIORELAX_Rueckenbandage01-1024x1024.jpg",1024,1024,true],"author_info":[],"comment_info":"","_links":{"self":[{"href":"https:\/\/ght-med.com\/es\/wp-json\/wp\/v2\/product\/24081","targetHints":{"allow":["GET"]}}],"collection":[{"href":"https:\/\/ght-med.com\/es\/wp-json\/wp\/v2\/product"}],"about":[{"href":"https:\/\/ght-med.com\/es\/wp-json\/wp\/v2\/types\/product"}],"wp:featuredmedia":[{"embeddable":true,"href":"https:\/\/ght-med.com\/es\/wp-json\/wp\/v2\/media\/30566"}],"wp:attachment":[{"href":"https:\/\/ght-med.com\/es\/wp-json\/wp\/v2\/media?parent=24081"}],"wp:term":[{"taxonomy":"product_brand","embeddable":true,"href":"https:\/\/ght-med.com\/es\/wp-json\/wp\/v2\/product_brand?post=24081"},{"taxonomy":"product_cat","embeddable":true,"href":"https:\/\/ght-med.com\/es\/wp-json\/wp\/v2\/product_cat?post=24081"},{"taxonomy":"product_tag","embeddable":true,"href":"https:\/\/ght-med.com\/es\/wp-json\/wp\/v2\/product_tag?post=24081"}],"curies":[{"name":"wp","href":"https:\/\/api.w.org\/{rel}","templated":true}]}}